{"id":187,"date":"2015-05-29T18:34:53","date_gmt":"2015-05-29T16:34:53","guid":{"rendered":"http:\/\/www.sport.karlino.pl\/?page_id=187"},"modified":"2015-08-31T15:28:40","modified_gmt":"2015-08-31T13:28:40","slug":"skate-park-i-minigolf","status":"publish","type":"page","link":"https:\/\/sport.karlino.pl\/index.php\/skate-park-i-minigolf\/","title":{"rendered":"Skate park i minigolf"},"content":{"rendered":"<p><strong>Mini <\/strong><strong>Golf<\/strong><strong> &#8211; <\/strong>Wspania\u0142e rozwi\u0105zanie, aby sp\u0119dzi\u0107 czas na \u015bwie\u017cym powietrzu i\u00a0 skupiaj\u0105c uwag\u0119 nad precyzj\u0105 uderzenia &#8211; zapomnie\u0107 o\u00a0problemach w\u00a0pracy.<\/p>\n<p>Wyj\u0105tkowa zabawa, rekreacja i aktywny wypoczynek dla ca\u0142ej rodziny. Minigolf to gra bardzo wci\u0105gaj\u0105ca, nie wymagaj\u0105ca specjalnych umiej\u0119tno\u015bci i przy kt\u00f3rej wsp\u00f3lnie mo\u017cna sp\u0119dzi\u0107 przyjemne chwile na \u015bwie\u017cym powietrzu<\/p>\n<p>Nasz sk\u0142ada si\u0119 z 18 stanowisk : puste, tr\u00f3jk\u0105ty, \u201eV\u201d, podw\u00f3jny pr\u00f3g, salto, waga, okno, pag\u00f3rek, podw\u00f3jny garb, wulkan, strza\u0142, k\u0105t prosty, labirynt, talerzyk, lejek, fala, \u015blimak, skok.<\/p>\n<p>&nbsp;<\/p>\n<p><strong>Zasady gry<\/strong><\/p>\n<p>Kr\u00f3tki opis zasad gry w Minigolfa.<\/p>\n<ol>\n<li><strong>Pi\u0142k\u0119 trzeba najmniejsz\u0105 ilo\u015bci\u0105 uderze\u0144 doprowadzi\u0107 do do\u0142ka ka\u017cdego pola.<\/strong><\/li>\n<li><strong>Ka\u017cde uderzenie liczy si\u0119 jako 1 punkt<\/strong><\/li>\n<li>Punkt dodatkowy (karny) dodaje si\u0119 gdy:<\/li>\n<\/ol>\n<ul>\n<li>pi\u0142ka wylecia\u0142a z pola gry<\/li>\n<li>po sz\u00f3stym uderzeniu pi\u0142ka nie wpad\u0142a do do\u0142ka<\/li>\n<li>Je\u017celi gracz nie zdo\u0142a trafi\u0107 sze\u015bcioma uderzeniami do celu oznacza to koniec gry na danym stanowisku<\/li>\n<li>Pola s\u0105 ponumerowane i nale\u017cy zachowa\u0107 kolejno\u015b\u0107.<\/li>\n<\/ul>\n<ol start=\"4\">\n<li>Wygrywa ten, kto ma najmniej punkt\u00f3w.<\/li>\n<\/ol>\n<p><img fetchpriority=\"high\" decoding=\"async\" class=\"\" src=\"http:\/\/karlino.pl\/portal_2013\/karlino\/web\/uploads\/pub\/pages\/page_378\/text_images\/_DSC7275.jpg\" alt=\"\" width=\"348\" height=\"231\" \/><\/p>\n<p><img decoding=\"async\" src=\"http:\/\/karlino.pl\/portal_2013\/karlino\/web\/uploads\/pub\/pages\/page_378\/text_images\/3.jpg\" alt=\"\" width=\"350\" height=\"263\" \/><\/p>\n<p>&nbsp;<\/p>\n<p><strong>SKATE PARK &#8211; <\/strong><em>pozwala<\/em> w bezpieczny spos\u00f3b poczu\u0107 adrenalin\u0119 i \u0107wiczy\u0107 swoje umiej\u0119tno\u015bci jazdy na rolkach lub deskorolce. obiekt s\u0142u\u017cy zar\u00f3wno rolkarzom, skateboarderom (mi\u0142o\u015bnik jazdy na deskorolce)<\/p>\n<p>Skate Park z placem manewrowym do jazdy na deskorolkach i rolkach oraz plac z zespo\u0142em urz\u0105dze\u0144, wyposa\u017cony\u00a0 jest w:<\/p>\n<p>mini ramp\u0119 ze spinem,<\/p>\n<p>dwa banki z routerami,<\/p>\n<p>grindbox, funbox z murkiem i ramk\u0105.<\/p>\n<p><a href=\"http:\/\/karlino.pl\/strona-461-skate_park_i_minigolf.html\" target=\"_blank\" rel=\"noopener\">Wi\u0119cej na karlino.pl<\/a><\/p>\n","protected":false},"excerpt":{"rendered":"<p>Mini Golf &#8211; Wspania\u0142e rozwi\u0105zanie, aby sp\u0119dzi\u0107 czas na \u015bwie\u017cym powietrzu i\u00a0 skupiaj\u0105c uwag\u0119 nad precyzj\u0105 uderzenia &#8211; zapomnie\u0107 o\u00a0problemach w\u00a0pracy. Wyj\u0105tkowa zabawa, rekreacja i aktywny wypoczynek dla ca\u0142ej rodziny. [&hellip;]<\/p>\n","protected":false},"author":1,"featured_media":0,"parent":0,"menu_order":0,"comment_status":"closed","ping_status":"closed","template":"","meta":{"footnotes":""},"class_list":["post-187","page","type-page","status-publish","hentry"],"blocksy_meta":{"styles_descriptor":{"styles":{"desktop":"","tablet":"","mobile":""},"google_fonts":[],"version":6}},"featured_image_urls_v2":{"full":"","thumbnail":"","medium":"","medium_large":"","large":"","1536x1536":"","2048x2048":""},"post_excerpt_stackable_v2":"<p>Mini Golf &#8211; Wspania\u0142e rozwi\u0105zanie, aby sp\u0119dzi\u0107 czas na \u015bwie\u017cym powietrzu i\u00a0 skupiaj\u0105c uwag\u0119 nad precyzj\u0105 uderzenia &#8211; zapomnie\u0107 o\u00a0problemach w\u00a0pracy. Wyj\u0105tkowa zabawa, rekreacja i aktywny wypoczynek dla ca\u0142ej rodziny. Minigolf to gra bardzo wci\u0105gaj\u0105ca, nie wymagaj\u0105ca specjalnych umiej\u0119tno\u015bci i przy kt\u00f3rej wsp\u00f3lnie mo\u017cna sp\u0119dzi\u0107 przyjemne chwile na \u015bwie\u017cym powietrzu Nasz sk\u0142ada si\u0119 z 18 stanowisk : puste, tr\u00f3jk\u0105ty, \u201eV\u201d, podw\u00f3jny pr\u00f3g, salto, waga, okno, pag\u00f3rek, podw\u00f3jny garb, wulkan, strza\u0142, k\u0105t prosty, labirynt, talerzyk, lejek, fala, \u015blimak, skok. &nbsp; Zasady gry Kr\u00f3tki opis zasad gry w Minigolfa. Pi\u0142k\u0119 trzeba najmniejsz\u0105 ilo\u015bci\u0105 uderze\u0144 doprowadzi\u0107 do do\u0142ka ka\u017cdego pola. Ka\u017cde uderzenie liczy&hellip;<\/p>\n","category_list_v2":"","author_info_v2":{"name":"admin","url":"https:\/\/sport.karlino.pl\/author\/webcarr\/"},"comments_num_v2":"0 comments","_links":{"self":[{"href":"https:\/\/sport.karlino.pl\/index.php\/wp-json\/wp\/v2\/pages\/187","targetHints":{"allow":["GET"]}}],"collection":[{"href":"https:\/\/sport.karlino.pl\/index.php\/wp-json\/wp\/v2\/pages"}],"about":[{"href":"https:\/\/sport.karlino.pl\/index.php\/wp-json\/wp\/v2\/types\/page"}],"author":[{"embeddable":true,"href":"https:\/\/sport.karlino.pl\/index.php\/wp-json\/wp\/v2\/users\/1"}],"replies":[{"embeddable":true,"href":"https:\/\/sport.karlino.pl\/index.php\/wp-json\/wp\/v2\/comments?post=187"}],"version-history":[{"count":0,"href":"https:\/\/sport.karlino.pl\/index.php\/wp-json\/wp\/v2\/pages\/187\/revisions"}],"wp:attachment":[{"href":"https:\/\/sport.karlino.pl\/index.php\/wp-json\/wp\/v2\/media?parent=187"}],"curies":[{"name":"wp","href":"https:\/\/api.w.org\/{rel}","templated":true}]}}